{"id":1339,"date":"2022-06-02T19:52:29","date_gmt":"2022-06-02T19:52:29","guid":{"rendered":"https:\/\/maislean.pt\/?page_id=1339"},"modified":"2022-06-14T23:10:24","modified_gmt":"2022-06-14T23:10:24","slug":"equipa-2","status":"publish","type":"page","link":"https:\/\/maislean.pt\/?page_id=1339","title":{"rendered":"Equipa"},"content":{"rendered":"\t\t<div data-elementor-type=\"wp-page\" data-elementor-id=\"1339\" class=\"elementor elementor-1339\">\n\t\t\t\t\t\t\t\t\t<section class=\"elementor-section elementor-top-section elementor-element elementor-element-3f0a2a6 elementor-section-stretched elementor-section-boxed elementor-section-height-default elementor-section-height-default\" data-id=\"3f0a2a6\" data-element_type=\"section\" data-settings=\"{&quot;stretch_section&quot;:&quot;section-stretched&quot;,&quot;background_background&quot;:&quot;classic&quot;,&quot;shape_divider_bottom&quot;:&quot;tilt&quot;}\">\n\t\t\t\t\t<div class=\"elementor-shape elementor-shape-bottom\" data-negative=\"false\">\n\t\t\t<svg xmlns=\"http:\/\/www.w3.org\/2000\/svg\" viewBox=\"0 0 1000 100\" preserveAspectRatio=\"none\">\n\t<path class=\"elementor-shape-fill\" d=\"M0,6V0h1000v100L0,6z\"\/>\n<\/svg>\t\t<\/div>\n\t\t\t\t\t<div class=\"elementor-container elementor-column-gap-default\">\n\t\t\t\t\t<div class=\"elementor-column elementor-col-100 elementor-top-column elementor-element elementor-element-37450bb\" data-id=\"37450bb\" data-element_type=\"column\">\n\t\t\t<div class=\"elementor-widget-wrap elementor-element-populated\">\n\t\t\t\t\t\t\t\t<div class=\"elementor-element elementor-element-7948bda elementor-widget elementor-widget-heading\" data-id=\"7948bda\" data-element_type=\"widget\" data-widget_type=\"heading.default\">\n\t\t\t\t<div class=\"elementor-widget-container\">\n\t\t\t<style>\/*! elementor - v3.6.6 - 08-06-2022 *\/\n.elementor-heading-title{padding:0;margin:0;line-height:1}.elementor-widget-heading .elementor-heading-title[class*=elementor-size-]>a{color:inherit;font-size:inherit;line-height:inherit}.elementor-widget-heading .elementor-heading-title.elementor-size-small{font-size:15px}.elementor-widget-heading .elementor-heading-title.elementor-size-medium{font-size:19px}.elementor-widget-heading .elementor-heading-title.elementor-size-large{font-size:29px}.elementor-widget-heading .elementor-heading-title.elementor-size-xl{font-size:39px}.elementor-widget-heading .elementor-heading-title.elementor-size-xxl{font-size:59px}<\/style><h1 class=\"elementor-heading-title elementor-size-default\">EQUIPA<\/h1>\t\t<\/div>\n\t\t\t\t<\/div>\n\t\t\t\t\t<\/div>\n\t\t<\/div>\n\t\t\t\t\t\t\t<\/div>\n\t\t<\/section>\n\t\t\t\t<section class=\"elementor-section elementor-top-section elementor-element elementor-element-816e8b3 elementor-section-boxed elementor-section-height-default elementor-section-height-default\" data-id=\"816e8b3\" data-element_type=\"section\">\n\t\t\t\t\t\t<div class=\"elementor-container elementor-column-gap-default\">\n\t\t\t\t\t<div class=\"elementor-column elementor-col-50 elementor-top-column elementor-element elementor-element-6265cb0\" data-id=\"6265cb0\" data-element_type=\"column\">\n\t\t\t<div class=\"elementor-widget-wrap elementor-element-populated\">\n\t\t\t\t\t\t\t\t<div class=\"elementor-element elementor-element-88608d9 elementor-flip-box--effect-flip elementor-flip-box--direction-up elementor-widget elementor-widget-flip-box\" data-id=\"88608d9\" data-element_type=\"widget\" data-widget_type=\"flip-box.default\">\n\t\t\t\t<div class=\"elementor-widget-container\">\n\t\t\t<link rel=\"stylesheet\" href=\"https:\/\/maislean.pt\/wp-content\/plugins\/elementor-pro\/assets\/css\/widget-flip-box.min.css\">\t\t<div class=\"elementor-flip-box\">\n\t\t\t<div class=\"elementor-flip-box__layer elementor-flip-box__front\">\n\t\t\t\t<div class=\"elementor-flip-box__layer__overlay\">\n\t\t\t\t\t<div class=\"elementor-flip-box__layer__inner\">\n\t\t\t\t\t\t\n\t\t\t\t\t\t\t\t\t\t\t\t\t<h3 class=\"elementor-flip-box__layer__title\">\n\t\t\t\t\t\t\t\tDiamantino Torres\t\t\t\t\t\t\t<\/h3>\n\t\t\t\t\t\t\n\t\t\t\t\t\t\t\t\t\t\t\t\t<div class=\"elementor-flip-box__layer__description\">\n\t\t\t\t\t\t\t\tFundador do Projeto Mais Lean\t\t\t\t\t\t\t<\/div>\n\t\t\t\t\t\t\t\t\t\t\t<\/div>\n\t\t\t\t<\/div>\n\t\t\t<\/div>\n\t\t\t<div class=\"elementor-flip-box__layer elementor-flip-box__back\">\n\t\t\t<div class=\"elementor-flip-box__layer__overlay\">\n\t\t\t\t<div class=\"elementor-flip-box__layer__inner\">\n\t\t\t\t\t\n\t\t\t\t\t\t\t\t\t\t\t<div class=\"elementor-flip-box__layer__description\">\n\t\t\t\t\t\t\tMestre em Engenharia e Gest\u00e3o Industrial e Black Belt em Lean Management.\n\nH\u00e1 11 anos a trabalhar na \u00e1rea do Lean Management, conta com experi\u00eancia em diferentes multinacionais, trabalhando atualmente como Consultor Lean num grupo autom\u00f3vel Alem\u00e3o. \u00c9 ainda professor universit\u00e1rio h\u00e1 5 anos, lecionando na \u00e1rea do Lean Management e da Gest\u00e3o de projetos.\n\nContabilizando mais de 7.500 horas de forma\u00e7\u00e3o e modera\u00e7\u00e3o de workshops entre pa\u00edses na Europa, China e Am\u00e9rica, o Diamantino apresenta uma forte capacidade de an\u00e1lise de problemas, de adapta\u00e7\u00e3o a diferentes realidades e culturas, de gest\u00e3o de equipas e de foco nos resultados.\t\t\t\t\t\t<\/div>\n\t\t\t\t\t\n\t\t\t\t\t\t\t\t<\/div>\n\t\t<\/div>\n\t\t<\/div>\n\t\t<\/div>\n\t\t\t\t<\/div>\n\t\t\t\t<\/div>\n\t\t\t\t\t<\/div>\n\t\t<\/div>\n\t\t\t\t<div class=\"elementor-column elementor-col-50 elementor-top-column elementor-element elementor-element-402e634\" data-id=\"402e634\" data-element_type=\"column\">\n\t\t\t<div class=\"elementor-widget-wrap elementor-element-populated\">\n\t\t\t\t\t\t\t\t<div class=\"elementor-element elementor-element-5d2ad14 elementor-flip-box--effect-flip elementor-flip-box--direction-up elementor-widget elementor-widget-flip-box\" data-id=\"5d2ad14\" data-element_type=\"widget\" data-widget_type=\"flip-box.default\">\n\t\t\t\t<div class=\"elementor-widget-container\">\n\t\t\t\t\t<div class=\"elementor-flip-box\">\n\t\t\t<div class=\"elementor-flip-box__layer elementor-flip-box__front\">\n\t\t\t\t<div class=\"elementor-flip-box__layer__overlay\">\n\t\t\t\t\t<div class=\"elementor-flip-box__layer__inner\">\n\t\t\t\t\t\t\n\t\t\t\t\t\t\t\t\t\t\t\t\t<h3 class=\"elementor-flip-box__layer__title\">\n\t\t\t\t\t\t\t\tHil\u00e1rio Silva\t\t\t\t\t\t\t<\/h3>\n\t\t\t\t\t\t\n\t\t\t\t\t\t\t\t\t\t\t\t\t<div class=\"elementor-flip-box__layer__description\">\n\t\t\t\t\t\t\t\tFormador\t\t\t\t\t\t\t<\/div>\n\t\t\t\t\t\t\t\t\t\t\t<\/div>\n\t\t\t\t<\/div>\n\t\t\t<\/div>\n\t\t\t<div class=\"elementor-flip-box__layer elementor-flip-box__back\">\n\t\t\t<div class=\"elementor-flip-box__layer__overlay\">\n\t\t\t\t<div class=\"elementor-flip-box__layer__inner\">\n\t\t\t\t\t\n\t\t\t\t\t\t\t\t\t\t\t<div class=\"elementor-flip-box__layer__description\">\n\t\t\t\t\t\t\tEngenheiro mec\u00e2nico de forma\u00e7\u00e3o superior, Hil\u00e1rio Silva conta com 10 anos de experi\u00eancia profissional, ligada \u00e0 gest\u00e3o de opera\u00e7\u00f5es \u2013 Produ\u00e7\u00e3o e Manuten\u00e7\u00e3o \u2013 e ao Lean Management.\n\nPassando por diferentes ind\u00fastrias em Portugal e na Su\u00e9cia, \u00e9 hoje Lean Manager numa empresa metalomec\u00e2nica (substituir pela correta). A sua experi\u00eancia permitiu-o aprimorar as suas capacidades de gest\u00e3o de equipas e de projetos de melhoria cont\u00ednua, an\u00e1lise de performance operacional, empatia e de mais uma ou outra coisa.\n\n\u00c9 por estas (e outras) raz\u00f5es que a participa\u00e7\u00e3o do Hil\u00e1rio no Projeto Mais Lean \u00e9 sem d\u00favida uma mais valia, tendo a certeza que todos usufruir\u00e3o do seu conhecimento e experi\u00eancia. (melhorar esta frase, apenas para ter ideia do que se pretende).\t\t\t\t\t\t<\/div>\n\t\t\t\t\t\n\t\t\t\t\t\t\t\t<\/div>\n\t\t<\/div>\n\t\t<\/div>\n\t\t<\/div>\n\t\t\t\t<\/div>\n\t\t\t\t<\/div>\n\t\t\t\t\t<\/div>\n\t\t<\/div>\n\t\t\t\t\t\t\t<\/div>\n\t\t<\/section>\n\t\t\t\t<section class=\"elementor-section elementor-top-section elementor-element elementor-element-955177c elementor-section-stretched elementor-section-full_width elementor-section-height-default elementor-section-height-default\" data-id=\"955177c\" data-element_type=\"section\" data-settings=\"{&quot;stretch_section&quot;:&quot;section-stretched&quot;,&quot;shape_divider_bottom&quot;:&quot;tilt&quot;}\">\n\t\t\t\t\t<div class=\"elementor-shape elementor-shape-bottom\" data-negative=\"false\">\n\t\t\t<svg xmlns=\"http:\/\/www.w3.org\/2000\/svg\" viewBox=\"0 0 1000 100\" preserveAspectRatio=\"none\">\n\t<path class=\"elementor-shape-fill\" d=\"M0,6V0h1000v100L0,6z\"\/>\n<\/svg>\t\t<\/div>\n\t\t\t\t\t<div class=\"elementor-container elementor-column-gap-default\">\n\t\t\t\t\t<div class=\"elementor-column elementor-col-100 elementor-top-column elementor-element elementor-element-f5bcc9b\" data-id=\"f5bcc9b\" data-element_type=\"column\">\n\t\t\t<div class=\"elementor-widget-wrap\">\n\t\t\t\t\t\t\t\t\t<\/div>\n\t\t<\/div>\n\t\t\t\t\t\t\t<\/div>\n\t\t<\/section>\n\t\t\t\t\t\t\t<\/div>\n\t\t","protected":false},"excerpt":{"rendered":"<p>EQUIPA Diamantino Torres Fundador do Projeto Mais Lean Mestre em Engenharia e Gest\u00e3o Industrial e Black Belt em Lean Management. H\u00e1 11 anos a trabalhar na \u00e1rea do Lean Management, conta com experi\u00eancia em diferentes multinacionais, trabalhando atualmente como Consultor Lean num grupo autom\u00f3vel Alem\u00e3o. \u00c9 ainda professor universit\u00e1rio h\u00e1 5 anos, lecionando na \u00e1rea &hellip; <\/p>\n<div class=\"link-more text-center\"><a href=\"https:\/\/maislean.pt\/?page_id=1339\" class=\"more-link py-2 px-4\">Read More<span class=\"screen-reader-text\"> &#8220;Equipa&#8221;<\/span><\/a><\/div>\n","protected":false},"author":1,"featured_media":0,"parent":0,"menu_order":0,"comment_status":"closed","ping_status":"closed","template":"","meta":{"spay_email":"","footnotes":""},"class_list":["post-1339","page","type-page","status-publish","hentry"],"yoast_head":"<!-- This site is optimized with the Yoast SEO plugin v19.1 - https:\/\/yoast.com\/wordpress\/plugins\/seo\/ -->\n<title>Equipa -<\/title>\n<meta name=\"robots\" content=\"index, follow, max-snippet:-1, max-image-preview:large, max-video-preview:-1\" \/>\n<link rel=\"canonical\" href=\"https:\/\/maislean.pt\/?page_id=1339\" \/>\n<meta property=\"og:locale\" content=\"pt_PT\" \/>\n<meta property=\"og:type\" content=\"article\" \/>\n<meta property=\"og:title\" content=\"Equipa -\" \/>\n<meta property=\"og:description\" content=\"EQUIPA Diamantino Torres Fundador do Projeto Mais Lean Mestre em Engenharia e Gest\u00e3o Industrial e Black Belt em Lean Management. H\u00e1 11 anos a trabalhar na \u00e1rea do Lean Management, conta com experi\u00eancia em diferentes multinacionais, trabalhando atualmente como Consultor Lean num grupo autom\u00f3vel Alem\u00e3o. \u00c9 ainda professor universit\u00e1rio h\u00e1 5 anos, lecionando na \u00e1rea &hellip; Read More &quot;Equipa&quot;\" \/>\n<meta property=\"og:url\" content=\"https:\/\/maislean.pt\/?page_id=1339\" \/>\n<meta property=\"article:publisher\" content=\"https:\/\/www.facebook.com\/maislean\/\" \/>\n<meta property=\"article:modified_time\" content=\"2022-06-14T23:10:24+00:00\" \/>\n<meta name=\"twitter:card\" content=\"summary_large_image\" \/>\n<meta name=\"twitter:label1\" content=\"Tempo estimado de leitura\" \/>\n\t<meta name=\"twitter:data1\" content=\"1 minuto\" \/>\n<script type=\"application\/ld+json\" class=\"yoast-schema-graph\">{\"@context\":\"https:\/\/schema.org\",\"@graph\":[{\"@type\":\"Organization\",\"@id\":\"https:\/\/maislean.pt\/#organization\",\"name\":\"MaisLean\",\"url\":\"https:\/\/maislean.pt\/\",\"sameAs\":[\"https:\/\/www.instagram.com\/maislean.pt\/\",\"https:\/\/www.facebook.com\/maislean\/\"],\"logo\":{\"@type\":\"ImageObject\",\"inLanguage\":\"pt-PT\",\"@id\":\"https:\/\/maislean.pt\/#\/schema\/logo\/image\/\",\"url\":\"https:\/\/maislean.pt\/wp-content\/uploads\/2022\/02\/logo-final-01.png\",\"contentUrl\":\"https:\/\/maislean.pt\/wp-content\/uploads\/2022\/02\/logo-final-01.png\",\"width\":5906,\"height\":2363,\"caption\":\"MaisLean\"},\"image\":{\"@id\":\"https:\/\/maislean.pt\/#\/schema\/logo\/image\/\"}},{\"@type\":\"WebSite\",\"@id\":\"https:\/\/maislean.pt\/#website\",\"url\":\"https:\/\/maislean.pt\/\",\"name\":\"\",\"description\":\"\",\"publisher\":{\"@id\":\"https:\/\/maislean.pt\/#organization\"},\"potentialAction\":[{\"@type\":\"SearchAction\",\"target\":{\"@type\":\"EntryPoint\",\"urlTemplate\":\"https:\/\/maislean.pt\/?s={search_term_string}\"},\"query-input\":\"required name=search_term_string\"}],\"inLanguage\":\"pt-PT\"},{\"@type\":\"WebPage\",\"@id\":\"https:\/\/maislean.pt\/?page_id=1339#webpage\",\"url\":\"https:\/\/maislean.pt\/?page_id=1339\",\"name\":\"Equipa -\",\"isPartOf\":{\"@id\":\"https:\/\/maislean.pt\/#website\"},\"datePublished\":\"2022-06-02T19:52:29+00:00\",\"dateModified\":\"2022-06-14T23:10:24+00:00\",\"breadcrumb\":{\"@id\":\"https:\/\/maislean.pt\/?page_id=1339#breadcrumb\"},\"inLanguage\":\"pt-PT\",\"potentialAction\":[{\"@type\":\"ReadAction\",\"target\":[\"https:\/\/maislean.pt\/?page_id=1339\"]}]},{\"@type\":\"BreadcrumbList\",\"@id\":\"https:\/\/maislean.pt\/?page_id=1339#breadcrumb\",\"itemListElement\":[{\"@type\":\"ListItem\",\"position\":1,\"name\":\"Home\",\"item\":\"https:\/\/maislean.pt\/\"},{\"@type\":\"ListItem\",\"position\":2,\"name\":\"Equipa\"}]}]}<\/script>\n<!-- \/ Yoast SEO plugin. -->","yoast_head_json":{"title":"Equipa -","robots":{"index":"index","follow":"follow","max-snippet":"max-snippet:-1","max-image-preview":"max-image-preview:large","max-video-preview":"max-video-preview:-1"},"canonical":"https:\/\/maislean.pt\/?page_id=1339","og_locale":"pt_PT","og_type":"article","og_title":"Equipa -","og_description":"EQUIPA Diamantino Torres Fundador do Projeto Mais Lean Mestre em Engenharia e Gest\u00e3o Industrial e Black Belt em Lean Management. H\u00e1 11 anos a trabalhar na \u00e1rea do Lean Management, conta com experi\u00eancia em diferentes multinacionais, trabalhando atualmente como Consultor Lean num grupo autom\u00f3vel Alem\u00e3o. \u00c9 ainda professor universit\u00e1rio h\u00e1 5 anos, lecionando na \u00e1rea &hellip; Read More \"Equipa\"","og_url":"https:\/\/maislean.pt\/?page_id=1339","article_publisher":"https:\/\/www.facebook.com\/maislean\/","article_modified_time":"2022-06-14T23:10:24+00:00","twitter_card":"summary_large_image","twitter_misc":{"Tempo estimado de leitura":"1 minuto"},"schema":{"@context":"https:\/\/schema.org","@graph":[{"@type":"Organization","@id":"https:\/\/maislean.pt\/#organization","name":"MaisLean","url":"https:\/\/maislean.pt\/","sameAs":["https:\/\/www.instagram.com\/maislean.pt\/","https:\/\/www.facebook.com\/maislean\/"],"logo":{"@type":"ImageObject","inLanguage":"pt-PT","@id":"https:\/\/maislean.pt\/#\/schema\/logo\/image\/","url":"https:\/\/maislean.pt\/wp-content\/uploads\/2022\/02\/logo-final-01.png","contentUrl":"https:\/\/maislean.pt\/wp-content\/uploads\/2022\/02\/logo-final-01.png","width":5906,"height":2363,"caption":"MaisLean"},"image":{"@id":"https:\/\/maislean.pt\/#\/schema\/logo\/image\/"}},{"@type":"WebSite","@id":"https:\/\/maislean.pt\/#website","url":"https:\/\/maislean.pt\/","name":"","description":"","publisher":{"@id":"https:\/\/maislean.pt\/#organization"},"potentialAction":[{"@type":"SearchAction","target":{"@type":"EntryPoint","urlTemplate":"https:\/\/maislean.pt\/?s={search_term_string}"},"query-input":"required name=search_term_string"}],"inLanguage":"pt-PT"},{"@type":"WebPage","@id":"https:\/\/maislean.pt\/?page_id=1339#webpage","url":"https:\/\/maislean.pt\/?page_id=1339","name":"Equipa -","isPartOf":{"@id":"https:\/\/maislean.pt\/#website"},"datePublished":"2022-06-02T19:52:29+00:00","dateModified":"2022-06-14T23:10:24+00:00","breadcrumb":{"@id":"https:\/\/maislean.pt\/?page_id=1339#breadcrumb"},"inLanguage":"pt-PT","potentialAction":[{"@type":"ReadAction","target":["https:\/\/maislean.pt\/?page_id=1339"]}]},{"@type":"BreadcrumbList","@id":"https:\/\/maislean.pt\/?page_id=1339#breadcrumb","itemListElement":[{"@type":"ListItem","position":1,"name":"Home","item":"https:\/\/maislean.pt\/"},{"@type":"ListItem","position":2,"name":"Equipa"}]}]}},"_links":{"self":[{"href":"https:\/\/maislean.pt\/index.php?rest_route=\/wp\/v2\/pages\/1339","targetHints":{"allow":["GET"]}}],"collection":[{"href":"https:\/\/maislean.pt\/index.php?rest_route=\/wp\/v2\/pages"}],"about":[{"href":"https:\/\/maislean.pt\/index.php?rest_route=\/wp\/v2\/types\/page"}],"author":[{"embeddable":true,"href":"https:\/\/maislean.pt\/index.php?rest_route=\/wp\/v2\/users\/1"}],"replies":[{"embeddable":true,"href":"https:\/\/maislean.pt\/index.php?rest_route=%2Fwp%2Fv2%2Fcomments&post=1339"}],"version-history":[{"count":87,"href":"https:\/\/maislean.pt\/index.php?rest_route=\/wp\/v2\/pages\/1339\/revisions"}],"predecessor-version":[{"id":2118,"href":"https:\/\/maislean.pt\/index.php?rest_route=\/wp\/v2\/pages\/1339\/revisions\/2118"}],"wp:attachment":[{"href":"https:\/\/maislean.pt\/index.php?rest_route=%2Fwp%2Fv2%2Fmedia&parent=1339"}],"curies":[{"name":"wp","href":"https:\/\/api.w.org\/{rel}","templated":true}]}}