{"id":18,"date":"2022-02-03T10:31:15","date_gmt":"2022-02-03T10:31:15","guid":{"rendered":"https:\/\/maislean.pt\/?page_id=18"},"modified":"2022-06-14T23:10:17","modified_gmt":"2022-06-14T23:10:17","slug":"parceiros","status":"publish","type":"page","link":"https:\/\/maislean.pt\/?page_id=18","title":{"rendered":"Parceiros"},"content":{"rendered":"\t\t<div data-elementor-type=\"wp-page\" data-elementor-id=\"18\" class=\"elementor elementor-18\">\n\t\t\t\t\t\t\t\t\t<section class=\"elementor-section elementor-top-section elementor-element elementor-element-91a4e1a elementor-section-full_width elementor-section-height-min-height elementor-section-stretched elementor-section-height-default elementor-section-items-middle\" data-id=\"91a4e1a\" data-element_type=\"section\" data-settings=\"{&quot;stretch_section&quot;:&quot;section-stretched&quot;,&quot;background_background&quot;:&quot;classic&quot;}\">\n\t\t\t\t\t\t\t<div class=\"elementor-background-overlay\"><\/div>\n\t\t\t\t\t\t\t<div class=\"elementor-container elementor-column-gap-default\">\n\t\t\t\t\t<div class=\"elementor-column elementor-col-100 elementor-top-column elementor-element elementor-element-0ee0616\" data-id=\"0ee0616\" data-element_type=\"column\">\n\t\t\t<div class=\"elementor-widget-wrap elementor-element-populated\">\n\t\t\t\t\t\t\t\t<div class=\"elementor-element elementor-element-398e858 elementor-widget elementor-widget-heading\" data-id=\"398e858\" data-element_type=\"widget\" data-widget_type=\"heading.default\">\n\t\t\t\t<div class=\"elementor-widget-container\">\n\t\t\t<style>\/*! elementor - v3.6.6 - 08-06-2022 *\/\n.elementor-heading-title{padding:0;margin:0;line-height:1}.elementor-widget-heading .elementor-heading-title[class*=elementor-size-]>a{color:inherit;font-size:inherit;line-height:inherit}.elementor-widget-heading .elementor-heading-title.elementor-size-small{font-size:15px}.elementor-widget-heading .elementor-heading-title.elementor-size-medium{font-size:19px}.elementor-widget-heading .elementor-heading-title.elementor-size-large{font-size:29px}.elementor-widget-heading .elementor-heading-title.elementor-size-xl{font-size:39px}.elementor-widget-heading .elementor-heading-title.elementor-size-xxl{font-size:59px}<\/style><h1 class=\"elementor-heading-title elementor-size-default\">PARCEIROS<\/h1>\t\t<\/div>\n\t\t\t\t<\/div>\n\t\t\t\t<section class=\"elementor-section elementor-inner-section elementor-element elementor-element-2639ac8 elementor-section-full_width elementor-section-height-default elementor-section-height-default\" data-id=\"2639ac8\" data-element_type=\"section\">\n\t\t\t\t\t\t<div class=\"elementor-container elementor-column-gap-default\">\n\t\t\t\t\t<div class=\"elementor-column elementor-col-100 elementor-inner-column elementor-element elementor-element-681b37d\" data-id=\"681b37d\" data-element_type=\"column\">\n\t\t\t<div class=\"elementor-widget-wrap elementor-element-populated\">\n\t\t\t\t\t\t\t\t<div class=\"elementor-element elementor-element-1768240 elementor-widget elementor-widget-spacer\" data-id=\"1768240\" data-element_type=\"widget\" data-widget_type=\"spacer.default\">\n\t\t\t\t<div class=\"elementor-widget-container\">\n\t\t\t<style>\/*! elementor - v3.6.6 - 08-06-2022 *\/\n.e-container.e-container--row .elementor-spacer-inner{width:var(--spacer-size)}.e-container.e-container--column .elementor-spacer-inner,.elementor-column .elementor-spacer-inner{height:var(--spacer-size)}<\/style>\t\t<div class=\"elementor-spacer\">\n\t\t\t<div class=\"elementor-spacer-inner\"><\/div>\n\t\t<\/div>\n\t\t\t\t<\/div>\n\t\t\t\t<\/div>\n\t\t\t\t\t<\/div>\n\t\t<\/div>\n\t\t\t\t\t\t\t<\/div>\n\t\t<\/section>\n\t\t\t\t<section class=\"elementor-section elementor-inner-section elementor-element elementor-element-b475823 elementor-section-full_width elementor-section-height-default elementor-section-height-default\" data-id=\"b475823\" data-element_type=\"section\">\n\t\t\t\t\t\t<div class=\"elementor-container elementor-column-gap-default\">\n\t\t\t\t\t<div class=\"elementor-column elementor-col-20 elementor-inner-column elementor-element elementor-element-69fb156\" data-id=\"69fb156\" data-element_type=\"column\">\n\t\t\t<div class=\"elementor-widget-wrap\">\n\t\t\t\t\t\t\t\t\t<\/div>\n\t\t<\/div>\n\t\t\t\t<div class=\"elementor-column elementor-col-20 elementor-inner-column elementor-element elementor-element-3d3555c\" data-id=\"3d3555c\" data-element_type=\"column\">\n\t\t\t<div class=\"elementor-widget-wrap elementor-element-populated\">\n\t\t\t\t\t\t\t\t<div class=\"elementor-element elementor-element-a69851e elementor-position-left elementor-vertical-align-top elementor-widget elementor-widget-image-box\" data-id=\"a69851e\" data-element_type=\"widget\" data-widget_type=\"image-box.default\">\n\t\t\t\t<div class=\"elementor-widget-container\">\n\t\t\t<style>\/*! elementor - v3.6.6 - 08-06-2022 *\/\n.elementor-widget-image-box .elementor-image-box-content{width:100%}@media (min-width:768px){.elementor-widget-image-box.elementor-position-left .elementor-image-box-wrapper,.elementor-widget-image-box.elementor-position-right .elementor-image-box-wrapper{display:-webkit-box;display:-ms-flexbox;display:flex}.elementor-widget-image-box.elementor-position-right .elementor-image-box-wrapper{text-align:right;-webkit-box-orient:horizontal;-webkit-box-direction:reverse;-ms-flex-direction:row-reverse;flex-direction:row-reverse}.elementor-widget-image-box.elementor-position-left .elementor-image-box-wrapper{text-align:left;-webkit-box-orient:horizontal;-webkit-box-direction:normal;-ms-flex-direction:row;flex-direction:row}.elementor-widget-image-box.elementor-position-top .elementor-image-box-img{margin:auto}.elementor-widget-image-box.elementor-vertical-align-top .elementor-image-box-wrapper{-webkit-box-align:start;-ms-flex-align:start;align-items:flex-start}.elementor-widget-image-box.elementor-vertical-align-middle .elementor-image-box-wrapper{-webkit-box-align:center;-ms-flex-align:center;align-items:center}.elementor-widget-image-box.elementor-vertical-align-bottom .elementor-image-box-wrapper{-webkit-box-align:end;-ms-flex-align:end;align-items:flex-end}}@media (max-width:767px){.elementor-widget-image-box .elementor-image-box-img{margin-left:auto!important;margin-right:auto!important;margin-bottom:15px}}.elementor-widget-image-box .elementor-image-box-img{display:inline-block}.elementor-widget-image-box .elementor-image-box-title a{color:inherit}.elementor-widget-image-box .elementor-image-box-wrapper{text-align:center}.elementor-widget-image-box .elementor-image-box-description{margin:0}<\/style><div class=\"elementor-image-box-wrapper\"><figure class=\"elementor-image-box-img\"><a href=\"https:\/\/www.uminho.pt\"><img loading=\"lazy\" decoding=\"async\" width=\"414\" height=\"281\" src=\"https:\/\/maislean.pt\/wp-content\/uploads\/2022\/02\/Logo_EPIC-Junior.png\" class=\"attachment-full size-full\" alt=\"\" \/><\/a><\/figure><div class=\"elementor-image-box-content\"><h4 class=\"elementor-image-box-title\"><a href=\"https:\/\/www.uminho.pt\">EPIC J\u00fanior<\/a><\/h4><p class=\"elementor-image-box-description\">Uma componente fundamental do Projeto Mais Lean \u00e9 alcan\u00e7ar o mundo universit\u00e1rio, especializando os Estudantes na metodologia e ferramentas Lean Management. Desta forma, a <b>EPIC J\u00fanior<\/b> demonstra ser um parceiro estrat\u00e9gico, sendo um canal direto entre a Mais Lean e os Estudantes universit\u00e1rios da Universidade do Minho. Com o seu suporte, est\u00e1 garantido o alcance e sucesso das forma\u00e7\u00f5es Mais Lean.<\/p><\/div><\/div>\t\t<\/div>\n\t\t\t\t<\/div>\n\t\t\t\t\t<\/div>\n\t\t<\/div>\n\t\t\t\t<div class=\"elementor-column elementor-col-20 elementor-inner-column elementor-element elementor-element-81eb223\" data-id=\"81eb223\" data-element_type=\"column\">\n\t\t\t<div class=\"elementor-widget-wrap\">\n\t\t\t\t\t\t\t\t\t<\/div>\n\t\t<\/div>\n\t\t\t\t<div class=\"elementor-column elementor-col-20 elementor-inner-column elementor-element elementor-element-7fc1c6b\" data-id=\"7fc1c6b\" data-element_type=\"column\">\n\t\t\t<div class=\"elementor-widget-wrap elementor-element-populated\">\n\t\t\t\t\t\t\t\t<div class=\"elementor-element elementor-element-337e4d9 elementor-position-left elementor-vertical-align-top elementor-widget elementor-widget-image-box\" data-id=\"337e4d9\" data-element_type=\"widget\" data-widget_type=\"image-box.default\">\n\t\t\t\t<div class=\"elementor-widget-container\">\n\t\t\t<div class=\"elementor-image-box-wrapper\"><figure class=\"elementor-image-box-img\"><a href=\"https:\/\/www.uminho.pt\"><img loading=\"lazy\" decoding=\"async\" width=\"630\" height=\"391\" src=\"https:\/\/maislean.pt\/wp-content\/uploads\/2022\/02\/na_universidade_do_minho-1.jpg\" class=\"attachment-full size-full\" alt=\"\" \/><\/a><\/figure><div class=\"elementor-image-box-content\"><h4 class=\"elementor-image-box-title\"><a href=\"https:\/\/www.uminho.pt\">Ricardo Frade<\/a><\/h4><p class=\"elementor-image-box-description\">Focado em colocar as pessoas certas nos lugares certos, <b>Ricardo Frade<\/b> centra-se em otimizar as empresas com que se cruza, transformando-as em aut\u00eanticos \"rel\u00f3gios su\u00ed\u00e7os\". Depois de identificar os seus reais problemas e analisar as suas equipas, o seu trabalho passa por definir uma interven\u00e7\u00e3o personalizada e feita \u00e0 medida de cada empresa, para que possam obter mais resultados, mais lucros e mais tempo \u00fatil. Assim, o Projeto Mais Lean associa-se ao <b>Ricardo Frade<\/b>, em forma de consultoria e forma\u00e7\u00e3o em Lean Management, apoiando as empresas na otimiza\u00e7\u00e3o dos seus processos e da gest\u00e3o do dia-a-dia.<\/p><\/div><\/div>\t\t<\/div>\n\t\t\t\t<\/div>\n\t\t\t\t\t<\/div>\n\t\t<\/div>\n\t\t\t\t<div class=\"elementor-column elementor-col-20 elementor-inner-column elementor-element elementor-element-47774a1\" data-id=\"47774a1\" data-element_type=\"column\">\n\t\t\t<div class=\"elementor-widget-wrap\">\n\t\t\t\t\t\t\t\t\t<\/div>\n\t\t<\/div>\n\t\t\t\t\t\t\t<\/div>\n\t\t<\/section>\n\t\t\t\t\t<\/div>\n\t\t<\/div>\n\t\t\t\t\t\t\t<\/div>\n\t\t<\/section>\n\t\t\t\t\t\t\t<\/div>\n\t\t","protected":false},"excerpt":{"rendered":"<p>PARCEIROS EPIC J\u00fanior Uma componente fundamental do Projeto Mais Lean \u00e9 alcan\u00e7ar o mundo universit\u00e1rio, especializando os Estudantes na metodologia e ferramentas Lean Management. Desta forma, a EPIC J\u00fanior demonstra ser um parceiro estrat\u00e9gico, sendo um canal direto entre a Mais Lean e os Estudantes universit\u00e1rios da Universidade do Minho. Com o seu suporte, est\u00e1 &hellip; <\/p>\n<div class=\"link-more text-center\"><a href=\"https:\/\/maislean.pt\/?page_id=18\" class=\"more-link py-2 px-4\">Read More<span class=\"screen-reader-text\"> &#8220;Parceiros&#8221;<\/span><\/a><\/div>\n","protected":false},"author":1,"featured_media":0,"parent":0,"menu_order":0,"comment_status":"closed","ping_status":"closed","template":"","meta":{"spay_email":"","footnotes":""},"class_list":["post-18","page","type-page","status-publish","hentry"],"yoast_head":"<!-- This site is optimized with the Yoast SEO plugin v19.1 - https:\/\/yoast.com\/wordpress\/plugins\/seo\/ -->\n<title>Parceiros -<\/title>\n<meta name=\"robots\" content=\"index, follow, max-snippet:-1, max-image-preview:large, max-video-preview:-1\" \/>\n<link rel=\"canonical\" href=\"https:\/\/maislean.pt\/?page_id=18\" \/>\n<meta property=\"og:locale\" content=\"pt_PT\" \/>\n<meta property=\"og:type\" content=\"article\" \/>\n<meta property=\"og:title\" content=\"Parceiros -\" \/>\n<meta property=\"og:description\" content=\"PARCEIROS EPIC J\u00fanior Uma componente fundamental do Projeto Mais Lean \u00e9 alcan\u00e7ar o mundo universit\u00e1rio, especializando os Estudantes na metodologia e ferramentas Lean Management. Desta forma, a EPIC J\u00fanior demonstra ser um parceiro estrat\u00e9gico, sendo um canal direto entre a Mais Lean e os Estudantes universit\u00e1rios da Universidade do Minho. Com o seu suporte, est\u00e1 &hellip; Read More &quot;Parceiros&quot;\" \/>\n<meta property=\"og:url\" content=\"https:\/\/maislean.pt\/?page_id=18\" \/>\n<meta property=\"article:publisher\" content=\"https:\/\/www.facebook.com\/maislean\/\" \/>\n<meta property=\"article:modified_time\" content=\"2022-06-14T23:10:17+00:00\" \/>\n<meta property=\"og:image\" content=\"https:\/\/maislean.pt\/wp-content\/uploads\/2022\/02\/Logo_EPIC-Junior.png\" \/>\n<meta name=\"twitter:card\" content=\"summary_large_image\" \/>\n<meta name=\"twitter:label1\" content=\"Tempo estimado de leitura\" \/>\n\t<meta name=\"twitter:data1\" content=\"2 minutos\" \/>\n<script type=\"application\/ld+json\" class=\"yoast-schema-graph\">{\"@context\":\"https:\/\/schema.org\",\"@graph\":[{\"@type\":\"Organization\",\"@id\":\"https:\/\/maislean.pt\/#organization\",\"name\":\"MaisLean\",\"url\":\"https:\/\/maislean.pt\/\",\"sameAs\":[\"https:\/\/www.instagram.com\/maislean.pt\/\",\"https:\/\/www.facebook.com\/maislean\/\"],\"logo\":{\"@type\":\"ImageObject\",\"inLanguage\":\"pt-PT\",\"@id\":\"https:\/\/maislean.pt\/#\/schema\/logo\/image\/\",\"url\":\"https:\/\/maislean.pt\/wp-content\/uploads\/2022\/02\/logo-final-01.png\",\"contentUrl\":\"https:\/\/maislean.pt\/wp-content\/uploads\/2022\/02\/logo-final-01.png\",\"width\":5906,\"height\":2363,\"caption\":\"MaisLean\"},\"image\":{\"@id\":\"https:\/\/maislean.pt\/#\/schema\/logo\/image\/\"}},{\"@type\":\"WebSite\",\"@id\":\"https:\/\/maislean.pt\/#website\",\"url\":\"https:\/\/maislean.pt\/\",\"name\":\"\",\"description\":\"\",\"publisher\":{\"@id\":\"https:\/\/maislean.pt\/#organization\"},\"potentialAction\":[{\"@type\":\"SearchAction\",\"target\":{\"@type\":\"EntryPoint\",\"urlTemplate\":\"https:\/\/maislean.pt\/?s={search_term_string}\"},\"query-input\":\"required name=search_term_string\"}],\"inLanguage\":\"pt-PT\"},{\"@type\":\"ImageObject\",\"inLanguage\":\"pt-PT\",\"@id\":\"https:\/\/maislean.pt\/?page_id=18#primaryimage\",\"url\":\"https:\/\/maislean.pt\/wp-content\/uploads\/2022\/02\/Logo_EPIC-Junior.png\",\"contentUrl\":\"https:\/\/maislean.pt\/wp-content\/uploads\/2022\/02\/Logo_EPIC-Junior.png\",\"width\":414,\"height\":281},{\"@type\":\"WebPage\",\"@id\":\"https:\/\/maislean.pt\/?page_id=18#webpage\",\"url\":\"https:\/\/maislean.pt\/?page_id=18\",\"name\":\"Parceiros -\",\"isPartOf\":{\"@id\":\"https:\/\/maislean.pt\/#website\"},\"primaryImageOfPage\":{\"@id\":\"https:\/\/maislean.pt\/?page_id=18#primaryimage\"},\"datePublished\":\"2022-02-03T10:31:15+00:00\",\"dateModified\":\"2022-06-14T23:10:17+00:00\",\"breadcrumb\":{\"@id\":\"https:\/\/maislean.pt\/?page_id=18#breadcrumb\"},\"inLanguage\":\"pt-PT\",\"potentialAction\":[{\"@type\":\"ReadAction\",\"target\":[\"https:\/\/maislean.pt\/?page_id=18\"]}]},{\"@type\":\"BreadcrumbList\",\"@id\":\"https:\/\/maislean.pt\/?page_id=18#breadcrumb\",\"itemListElement\":[{\"@type\":\"ListItem\",\"position\":1,\"name\":\"Home\",\"item\":\"https:\/\/maislean.pt\/\"},{\"@type\":\"ListItem\",\"position\":2,\"name\":\"Parceiros\"}]}]}<\/script>\n<!-- \/ Yoast SEO plugin. -->","yoast_head_json":{"title":"Parceiros -","robots":{"index":"index","follow":"follow","max-snippet":"max-snippet:-1","max-image-preview":"max-image-preview:large","max-video-preview":"max-video-preview:-1"},"canonical":"https:\/\/maislean.pt\/?page_id=18","og_locale":"pt_PT","og_type":"article","og_title":"Parceiros -","og_description":"PARCEIROS EPIC J\u00fanior Uma componente fundamental do Projeto Mais Lean \u00e9 alcan\u00e7ar o mundo universit\u00e1rio, especializando os Estudantes na metodologia e ferramentas Lean Management. Desta forma, a EPIC J\u00fanior demonstra ser um parceiro estrat\u00e9gico, sendo um canal direto entre a Mais Lean e os Estudantes universit\u00e1rios da Universidade do Minho. Com o seu suporte, est\u00e1 &hellip; Read More \"Parceiros\"","og_url":"https:\/\/maislean.pt\/?page_id=18","article_publisher":"https:\/\/www.facebook.com\/maislean\/","article_modified_time":"2022-06-14T23:10:17+00:00","og_image":[{"url":"https:\/\/maislean.pt\/wp-content\/uploads\/2022\/02\/Logo_EPIC-Junior.png"}],"twitter_card":"summary_large_image","twitter_misc":{"Tempo estimado de leitura":"2 minutos"},"schema":{"@context":"https:\/\/schema.org","@graph":[{"@type":"Organization","@id":"https:\/\/maislean.pt\/#organization","name":"MaisLean","url":"https:\/\/maislean.pt\/","sameAs":["https:\/\/www.instagram.com\/maislean.pt\/","https:\/\/www.facebook.com\/maislean\/"],"logo":{"@type":"ImageObject","inLanguage":"pt-PT","@id":"https:\/\/maislean.pt\/#\/schema\/logo\/image\/","url":"https:\/\/maislean.pt\/wp-content\/uploads\/2022\/02\/logo-final-01.png","contentUrl":"https:\/\/maislean.pt\/wp-content\/uploads\/2022\/02\/logo-final-01.png","width":5906,"height":2363,"caption":"MaisLean"},"image":{"@id":"https:\/\/maislean.pt\/#\/schema\/logo\/image\/"}},{"@type":"WebSite","@id":"https:\/\/maislean.pt\/#website","url":"https:\/\/maislean.pt\/","name":"","description":"","publisher":{"@id":"https:\/\/maislean.pt\/#organization"},"potentialAction":[{"@type":"SearchAction","target":{"@type":"EntryPoint","urlTemplate":"https:\/\/maislean.pt\/?s={search_term_string}"},"query-input":"required name=search_term_string"}],"inLanguage":"pt-PT"},{"@type":"ImageObject","inLanguage":"pt-PT","@id":"https:\/\/maislean.pt\/?page_id=18#primaryimage","url":"https:\/\/maislean.pt\/wp-content\/uploads\/2022\/02\/Logo_EPIC-Junior.png","contentUrl":"https:\/\/maislean.pt\/wp-content\/uploads\/2022\/02\/Logo_EPIC-Junior.png","width":414,"height":281},{"@type":"WebPage","@id":"https:\/\/maislean.pt\/?page_id=18#webpage","url":"https:\/\/maislean.pt\/?page_id=18","name":"Parceiros -","isPartOf":{"@id":"https:\/\/maislean.pt\/#website"},"primaryImageOfPage":{"@id":"https:\/\/maislean.pt\/?page_id=18#primaryimage"},"datePublished":"2022-02-03T10:31:15+00:00","dateModified":"2022-06-14T23:10:17+00:00","breadcrumb":{"@id":"https:\/\/maislean.pt\/?page_id=18#breadcrumb"},"inLanguage":"pt-PT","potentialAction":[{"@type":"ReadAction","target":["https:\/\/maislean.pt\/?page_id=18"]}]},{"@type":"BreadcrumbList","@id":"https:\/\/maislean.pt\/?page_id=18#breadcrumb","itemListElement":[{"@type":"ListItem","position":1,"name":"Home","item":"https:\/\/maislean.pt\/"},{"@type":"ListItem","position":2,"name":"Parceiros"}]}]}},"_links":{"self":[{"href":"https:\/\/maislean.pt\/index.php?rest_route=\/wp\/v2\/pages\/18","targetHints":{"allow":["GET"]}}],"collection":[{"href":"https:\/\/maislean.pt\/index.php?rest_route=\/wp\/v2\/pages"}],"about":[{"href":"https:\/\/maislean.pt\/index.php?rest_route=\/wp\/v2\/types\/page"}],"author":[{"embeddable":true,"href":"https:\/\/maislean.pt\/index.php?rest_route=\/wp\/v2\/users\/1"}],"replies":[{"embeddable":true,"href":"https:\/\/maislean.pt\/index.php?rest_route=%2Fwp%2Fv2%2Fcomments&post=18"}],"version-history":[{"count":79,"href":"https:\/\/maislean.pt\/index.php?rest_route=\/wp\/v2\/pages\/18\/revisions"}],"predecessor-version":[{"id":2115,"href":"https:\/\/maislean.pt\/index.php?rest_route=\/wp\/v2\/pages\/18\/revisions\/2115"}],"wp:attachment":[{"href":"https:\/\/maislean.pt\/index.php?rest_route=%2Fwp%2Fv2%2Fmedia&parent=18"}],"curies":[{"name":"wp","href":"https:\/\/api.w.org\/{rel}","templated":true}]}}